{"id":5432,"date":"2023-03-11T11:15:11","date_gmt":"2023-03-11T10:15:11","guid":{"rendered":"https:\/\/jamanyeta.org\/ce-que-nous-faisons\/projets-allemagne\/"},"modified":"2024-12-02T13:05:04","modified_gmt":"2024-12-02T12:05:04","slug":"projets-allemagne","status":"publish","type":"page","link":"https:\/\/jamanyeta.org\/fr\/ce-que-nous-faisons\/projets-allemagne\/","title":{"rendered":"Projets Allemagne"},"content":{"rendered":"<p><svg xmlns=\"http:\/\/www.w3.org\/2000\/svg\" id=\"Ebene_2\" viewBox=\"0 0 68.07 72.07\"><g id=\"Ebene_1-2\"><path d=\"m42.04,29.25l.25.25-.22-.85-.03.6Zm-16.63-12.49l.83.24-.42-1-.4.76Zm-6.14-3.87l.24-.45-.3-.7-.61.26.67.89ZM.49,3.56L0,0l1.67,1.53.62-.26.87.69,1.03.03.92,1.49,3.31,1.3,2.95,2.51,4.8,2.08,1.12.94.7.29.17.75,1.15-.02.8,1.19,1.74.68.17.75,1.2.08.22,1.2,1.11-.12-.41.41,1.49.43.32-.61,1.16.68.21.5,1.73.32.43,1.7,1.16.68-.7.06.09.55,1.17,1.04,1.61.02.71.99.74.04.59,1.4,2.07.77.67.89.95-.17-.73.66,3.19,1.36,5.84,6.23.74.04,2.13,2.28.09.55,8.62,8,8.98,10.55.64,2.2-.25,3.52-.73,1.37-.32,1.31-1.41,2.48-1.23.87-1.62,2.69-3.47,3.12-1.03-.39-.73-2.75-21.85-22.75-.3-1.05-.49.21-1.32-.38L.5,7.32l1.01-1.72L.49,3.56Z\"><\/path><\/g><\/svg><br \/>\n\t\t\t<svg xmlns=\"http:\/\/www.w3.org\/2000\/svg\" id=\"Ebene_2\" viewBox=\"0 0 38.66 70.58\"><g id=\"Ebene_1-2\"><polygon points=\"8.92 67.81 8.25 66.96 7.8 66 7.94 64.49 6.94 62.34 6.95 61.17 6.51 60.21 5.27 58.46 5.51 58.06 4.6 57.32 4.5 55.91 3.48 55.52 2.35 54.3 .45 50.24 .03 48.12 .74 46.33 0 42.02 6.81 32.16 14.66 13.67 17.84 .27 18.42 0 26.15 5.41 36.57 15.96 37.47 16.7 38.37 18.61 38.66 22.25 38.17 24.23 36.51 35.46 34.71 40.37 33.67 40.86 33.55 41.5 30.89 42.74 29.8 46.15 21.77 61.23 14.18 69.71 12.33 70.58 9.7 69.48 8.92 67.81\"><\/polygon><\/g><\/svg><br \/>\n\t\t\t<svg xmlns=\"http:\/\/www.w3.org\/2000\/svg\" id=\"Ebene_2\" viewBox=\"0 0 151.68 50.3\"><g id=\"Ebene_1-2\"><path d=\"m76.76,14.4l-.55-.14,1.43-.28-.88.42Zm31.01,12.01l-.97-.84,1.81-.13-.84.97Zm10.34,4.91l.5-.58,1.27-.09.06.9-1.83-.23Zm27.88,16.59l5.7-1.67-3.53-1.03-.06-.9-1.68-.61-.81-1.22-2.92-.16-4.4-3.15-5.95-1.95-6.67-4.44-2.23-.75-.95-.66-1.25.27-.82-1.4-2.38-.2-2.3-1.66-1.25.27-1.01-1.38-1.96.5-.64-1.41-.31.75-1.74-1.51.67-.77-1.88-.96-.9.06-1.77-1.88-2.87.56-1.88-.96.42.88-.89.24-2.41-.74-1.23-1.91-2.01-.22-.61-.87-2.53.18-2.68-1.99-1.83-.24-.45-1.24-.45,1.3-4.39-2.97-13.66-3.04-.61-.87-4.99-1.1-.89.24-18.36-5.26L20.14,0l-3.77.63-5.09,2.54-1.51,1.74-1.73,1.21-2.68,3.28-.4,2.03-2.83,3.65-2.12,6.15,1.34,1,4.67-.87,50.25,11.75,1.8-.31.05.72,1.55,1.35,80.68,15.44,1.84-2.31,3.81-.08Z\"><\/path><\/g><\/svg><br \/>\n\t\t\t<svg xmlns=\"http:\/\/www.w3.org\/2000\/svg\" id=\"Ebene_2\" viewBox=\"0 0 128.75 47.9\"><g id=\"Ebene_1-2\"><polygon points=\"9.75 38.4 31.62 46.48 35.39 47.34 43.39 47.9 51.65 46.76 80.28 45.58 113.63 42.92 121.45 40.74 126.03 40.1 127.77 38.48 128.75 33.9 126.73 31.41 128.47 29.78 127.23 28.01 127.83 25.99 124.41 24.8 126.85 22.52 126.47 17.03 122.22 9.3 116.08 6.26 110.58 7.02 92.54 3.41 71.41 .5 46.91 0 33.97 .4 19.86 2.62 11.35 5.46 9.71 8.46 10.78 13.3 0 23.39 2.98 31.57 8.3 36.11 9.75 38.4\"><\/polygon><\/g><\/svg><br \/>\n\t\t\t<svg xmlns=\"http:\/\/www.w3.org\/2000\/svg\" id=\"Ebene_2\" viewBox=\"0 0 49.58 54.83\"><g id=\"Ebene_2-2\"><path d=\"m.38,52.66l-.02-1.73L18.93,18.08l9.25-12.16,5.14-5.28,1.27-.64,2.87,1.24,5.5,3.63,1.42.66,1.11.97.81.17,2.46,2.98.38,1.27.43.73-.58.88-5.73,5.8-14.22,20.84-.07-1.93-1.12-.24-.77,1.48-1.5,1.41-.38,1.28-.84,1.01-.46,1.54-2.8,3.23-1.2,2.21-2.37,1.05-.81-.54-.15.52.22.32-.58.15-.1.34-.92.53-.61-.13-.51.26-.89.08.23-.77-.61-.13-.61.96-2.29,1.15-1.17.3-1.55.85-1.35.17-1.68.56-4.17-.88.38-1.29Zm27.36-12.05l1.12-1.22-3.93,7-.13-.3,2.93-5.48Z\"><\/path><\/g><\/svg>\t\t\t<\/p>\n<h1>Projets en Allemagne  <\/h1>\n<ul aria-label=\"Taxonomy Filter\">\n<li data-filter=\"*\">Tous les<\/li>\n<li data-filter=\".abgeschlossen-deutschland\" tabindex=\"0\">abgeschlossen (Deutschland)<\/li>\n<li data-filter=\".aktuell-deutschland\" tabindex=\"0\">aktuell (Deutschland)<\/li>\n<\/ul>\n<p>\t\t\t<a href=\"https:\/\/jamanyeta.org\/interkulturelles-zentrum\/\" target=\"_self\" title=\"Interkulturelle Zentren K\u00f6ln\"><img fetchpriority=\"high\" decoding=\"async\" width=\"1920\" height=\"1280\" src=\"https:\/\/jamanyeta.org\/wp-content\/uploads\/2023\/03\/IKZ-1_1.jpg\" alt=\"Interkulturelles Zentrum\" title=\"\"><\/a><\/p>\n<h4>\n\t\t\t\t\t\t<a href=\"https:\/\/jamanyeta.org\/interkulturelles-zentrum\/\" target=\"_self\"><br \/>\n\t\t\t\tInterkulturelle Zentren K\u00f6ln\t\t\t<\/a><br \/>\n\t\t\t\t<\/h4>\n<p>\t\t\t fortlaufend<br \/>\n\t\t\t\t\t<a href=\"https:\/\/jamanyeta.org\/interkulturelles-zentrum\/\" target=\"_self\" aria-labelledby=\"uael-post-4046\"><br \/>\n\t\t\t\t\t\tEn savoir plus<br \/>\n\t\t\t\t<\/a><br \/>\n\t\t\t<a href=\"https:\/\/jamanyeta.org\/house-of-resources-koeln-ressourcen-teilen-engagement-staerken\/\" target=\"_self\" title=\"House of Resources K\u00f6ln: Ressourcen teilen, Engagement st\u00e4rken\"><img decoding=\"async\" width=\"1181\" height=\"472\" src=\"https:\/\/jamanyeta.org\/wp-content\/uploads\/2023\/01\/HoR-Pfeil.png\" alt=\"\" title=\"\"><\/a><\/p>\n<h4>\n\t\t\t\t\t\t<a href=\"https:\/\/jamanyeta.org\/house-of-resources-koeln-ressourcen-teilen-engagement-staerken\/\" target=\"_self\"><br \/>\n\t\t\t\tHouse of Resources K\u00f6ln: Ressourcen teilen, Engagement st\u00e4rken\t\t\t<\/a><br \/>\n\t\t\t\t<\/h4>\n<p>\t\t\t 2021-2028<br \/>\n\t\t\t\t\t<a href=\"https:\/\/jamanyeta.org\/house-of-resources-koeln-ressourcen-teilen-engagement-staerken\/\" target=\"_self\" aria-labelledby=\"uael-post-1516\"><br \/>\n\t\t\t\t\t\tEn savoir plus<br \/>\n\t\t\t\t<\/a><br \/>\n\t\t\t<a href=\"https:\/\/jamanyeta.org\/jiguiya-kura\/\" target=\"_self\" title=\"Jiguiya Kura\"><img decoding=\"async\" width=\"1120\" height=\"926\" src=\"https:\/\/jamanyeta.org\/wp-content\/uploads\/2023\/03\/Jiguiya-Kura-bearbeitet-e1732898804675.png\" alt=\"\" title=\"\"><\/a><\/p>\n<h4>\n\t\t\t\t\t\t<a href=\"https:\/\/jamanyeta.org\/jiguiya-kura\/\" target=\"_self\"><br \/>\n\t\t\t\tJiguiya Kura\t\t\t<\/a><br \/>\n\t\t\t\t<\/h4>\n<p>\t\t\t 2023-2028<br \/>\n\t\t\t\t\t<a href=\"https:\/\/jamanyeta.org\/jiguiya-kura\/\" target=\"_self\" aria-labelledby=\"uael-post-4041\"><br \/>\n\t\t\t\t\t\tEn savoir plus<br \/>\n\t\t\t\t<\/a><br \/>\n\t\t\t<a href=\"https:\/\/jamanyeta.org\/jeka-bara-solidarycraft\/\" target=\"_self\" title=\"Je ka bara &#8211; SolidaryCraft\"><img loading=\"lazy\" decoding=\"async\" width=\"685\" height=\"490\" src=\"https:\/\/jamanyeta.org\/wp-content\/uploads\/2024\/06\/Flyer-Je-ka-bara-1-e1717416562506.png\" alt=\"Logo Je ka bara Solidarycraft Rundes Bild von gestapelten H\u00e4nden und im Hintergrund sind bunte, moderne Muster. Man liest den Namen des Projekts Je ka bara Solidarycraft und den Text &quot;Gemeinschaft bauen, Vielfalt leben. Ein Ort, wo Kulturen sich begegnen und gemeinsam Neues schaffen.&quot;\" title=\"\"><\/a><\/p>\n<h4>\n\t\t\t\t\t\t<a href=\"https:\/\/jamanyeta.org\/jeka-bara-solidarycraft\/\" target=\"_self\"><br \/>\n\t\t\t\tJe ka bara &#8211; SolidaryCraft\t\t\t<\/a><br \/>\n\t\t\t\t<\/h4>\n<p>\t\t\t 2024-2026<br \/>\n\t\t\t\t\t<a href=\"https:\/\/jamanyeta.org\/jeka-bara-solidarycraft\/\" target=\"_self\" aria-labelledby=\"uael-post-8014\"><br \/>\n\t\t\t\t\t\tEn savoir plus<br \/>\n\t\t\t\t<\/a><br \/>\n\t\t\t<a href=\"https:\/\/jamanyeta.org\/bololo-sira\/\" target=\"_self\" title=\"Bololo Sira \u2013 Digitale Teilhabe f\u00fcr alle\u00a0\"><img loading=\"lazy\" decoding=\"async\" width=\"1500\" height=\"1125\" src=\"https:\/\/jamanyeta.org\/wp-content\/uploads\/2024\/05\/Bololo-Sira_100047.jpg\" alt=\"\" title=\"\"><\/a><\/p>\n<h4>\n\t\t\t\t\t\t<a href=\"https:\/\/jamanyeta.org\/bololo-sira\/\" target=\"_self\"><br \/>\n\t\t\t\tBololo Sira \u2013 Digitale Teilhabe f\u00fcr alle\u00a0\t\t\t<\/a><br \/>\n\t\t\t\t<\/h4>\n<p>\t\t\t 2024<br \/>\n\t\t\t\t\t<a href=\"https:\/\/jamanyeta.org\/bololo-sira\/\" target=\"_self\" aria-labelledby=\"uael-post-7941\"><br \/>\n\t\t\t\t\t\tEn savoir plus<br \/>\n\t\t\t\t<\/a><br \/>\n\t\t\t<a href=\"https:\/\/jamanyeta.org\/moko-deme\/\" target=\"_self\" title=\"Moko Deme\"><img loading=\"lazy\" decoding=\"async\" width=\"847\" height=\"417\" src=\"https:\/\/jamanyeta.org\/wp-content\/uploads\/2024\/06\/Flyer-Moko-Deme-1-e1717416088975.png\" alt=\"Logo Moko Deme\" title=\"\"><\/a><\/p>\n<h4>\n\t\t\t\t\t\t<a href=\"https:\/\/jamanyeta.org\/moko-deme\/\" target=\"_self\"><br \/>\n\t\t\t\tMoko Deme\t\t\t<\/a><br \/>\n\t\t\t\t<\/h4>\n<p>\t\t\t 2024<br \/>\n\t\t\t\t\t<a href=\"https:\/\/jamanyeta.org\/moko-deme\/\" target=\"_self\" aria-labelledby=\"uael-post-8017\"><br \/>\n\t\t\t\t\t\tEn savoir plus<br \/>\n\t\t\t\t<\/a><\/p>\n<nav style=\"display:none;\" role=\"navigation\" aria-label=\"Pagination\" data-total=\"3\" data-next-page=\"2\">\n\t\t\t\t\t\t\t<\/nav>\n","protected":false},"excerpt":{"rendered":"<p>Projets en Allemagne Tous les abgeschlossen (Deutschland) aktuell (Deutschland) Interkulturelle Zentren K\u00f6ln fortlaufend En savoir plus House of Resources K\u00f6ln: Ressourcen teilen, Engagement st\u00e4rken 2021-2028 En savoir plus Jiguiya Kura 2023-2028 En savoir plus Je ka bara &#8211; SolidaryCraft 2024-2026 En savoir plus Bololo Sira \u2013 Digitale Teilhabe f\u00fcr alle\u00a0 2024 En savoir plus Moko [&hellip;]<\/p>\n","protected":false},"author":1,"featured_media":0,"parent":5388,"menu_order":0,"comment_status":"closed","ping_status":"closed","template":"","meta":{"footnotes":""},"class_list":["post-5432","page","type-page","status-publish","hentry"],"_links":{"self":[{"href":"https:\/\/jamanyeta.org\/fr\/wp-json\/wp\/v2\/pages\/5432","targetHints":{"allow":["GET"]}}],"collection":[{"href":"https:\/\/jamanyeta.org\/fr\/wp-json\/wp\/v2\/pages"}],"about":[{"href":"https:\/\/jamanyeta.org\/fr\/wp-json\/wp\/v2\/types\/page"}],"author":[{"embeddable":true,"href":"https:\/\/jamanyeta.org\/fr\/wp-json\/wp\/v2\/users\/1"}],"replies":[{"embeddable":true,"href":"https:\/\/jamanyeta.org\/fr\/wp-json\/wp\/v2\/comments?post=5432"}],"version-history":[{"count":3,"href":"https:\/\/jamanyeta.org\/fr\/wp-json\/wp\/v2\/pages\/5432\/revisions"}],"predecessor-version":[{"id":9362,"href":"https:\/\/jamanyeta.org\/fr\/wp-json\/wp\/v2\/pages\/5432\/revisions\/9362"}],"up":[{"embeddable":true,"href":"https:\/\/jamanyeta.org\/fr\/wp-json\/wp\/v2\/pages\/5388"}],"wp:attachment":[{"href":"https:\/\/jamanyeta.org\/fr\/wp-json\/wp\/v2\/media?parent=5432"}],"curies":[{"name":"wp","href":"https:\/\/api.w.org\/{rel}","templated":true}]}}